{"id":29686,"date":"2022-07-21T15:07:37","date_gmt":"2022-07-21T13:07:37","guid":{"rendered":"https:\/\/bagtobee.ch\/faq\/"},"modified":"2022-11-20T19:59:53","modified_gmt":"2022-11-20T18:59:53","slug":"faq","status":"publish","type":"page","link":"https:\/\/bagtobee.ch\/de\/faq\/","title":{"rendered":"FAQ"},"content":{"rendered":"\t\t<div data-elementor-type=\"wp-page\" data-elementor-id=\"29686\" class=\"elementor elementor-29686 elementor-29070\" data-elementor-post-type=\"page\">\n\t\t\t\t\t\t<section class=\"elementor-section elementor-top-section elementor-element elementor-element-71cd754 elementor-section-boxed elementor-section-height-default elementor-section-height-default\" data-id=\"71cd754\" data-element_type=\"section\" data-e-type=\"section\">\n\t\t\t\t\t\t<div class=\"elementor-container elementor-column-gap-default\">\n\t\t\t\t\t<div class=\"elementor-column elementor-col-100 elementor-top-column elementor-element elementor-element-8959a42\" data-id=\"8959a42\" data-element_type=\"column\" data-e-type=\"column\">\n\t\t\t<div class=\"elementor-widget-wrap elementor-element-populated\">\n\t\t\t\t\t\t<div class=\"elementor-element elementor-element-5ac5f17 elementor-widget elementor-widget-heading\" data-id=\"5ac5f17\" data-element_type=\"widget\" data-e-type=\"widget\" data-widget_type=\"heading.default\">\n\t\t\t\t<div class=\"elementor-widget-container\">\n\t\t\t\t\t<h1 class=\"elementor-heading-title elementor-size-default\">FAQ<\/h1>\t\t\t\t<\/div>\n\t\t\t\t<\/div>\n\t\t\t\t<div class=\"elementor-element elementor-element-4b4ada2 elementor-widget elementor-widget-text-editor\" data-id=\"4b4ada2\" data-element_type=\"widget\" data-e-type=\"widget\" data-widget_type=\"text-editor.default\">\n\t\t\t\t<div class=\"elementor-widget-container\">\n\t\t\t\t\t\t\t\t\t<p>Hier findest du Antworten auf die am h\u00e4ufigsten gestellten Fragen. Wenn du die Antwort auf deine Frage nicht findest, kannst du uns gerne per E-Mail kontaktieren.<\/p>\n\t\t\t\t\t\t\t\t<\/div>\n\t\t\t\t<\/div>\n\t\t\t\t<div class=\"elementor-element elementor-element-cc7cd73 elementor-widget elementor-widget-toggle\" data-id=\"cc7cd73\" data-element_type=\"widget\" data-e-type=\"widget\" data-widget_type=\"toggle.default\">\n\t\t\t\t<div class=\"elementor-widget-container\">\n\t\t\t\t\t\t\t<div class=\"elementor-toggle\">\n\t\t\t\t\t\t\t<div class=\"elementor-toggle-item\">\n\t\t\t\t\t<div id=\"elementor-tab-title-2141\" class=\"elementor-tab-title\" data-tab=\"1\" role=\"button\" aria-controls=\"elementor-tab-content-2141\" aria-expanded=\"false\">\n\t\t\t\t\t\t\t\t\t\t\t\t<span class=\"elementor-toggle-icon elementor-toggle-icon-right\" aria-hidden=\"true\">\n\t\t\t\t\t\t\t\t\t\t\t\t\t\t\t<span class=\"elementor-toggle-icon-closed\"><i class=\"fas fa-plus\"><\/i><\/span>\n\t\t\t\t\t\t\t\t<span class=\"elementor-toggle-icon-opened\"><i class=\"elementor-toggle-icon-opened fas fa-minus\"><\/i><\/span>\n\t\t\t\t\t\t\t\t\t\t\t\t\t<\/span>\n\t\t\t\t\t\t\t\t\t\t\t\t<a class=\"elementor-toggle-title\" tabindex=\"0\">Wie gross ist die BagToBee Tasche?<\/a>\n\t\t\t\t\t<\/div>\n\n\t\t\t\t\t<div id=\"elementor-tab-content-2141\" class=\"elementor-tab-content elementor-clearfix\" data-tab=\"1\" role=\"region\" aria-labelledby=\"elementor-tab-title-2141\"><p><span class=\"_2PHJq public-DraftStyleDefault-ltr\">Die BagToBee hat ein gefaltetes Format von 12 cm x 10xm und ist aufgefaltet 45cm x 45cm gross.<\/span><\/p>\n<\/div>\n\t\t\t\t<\/div>\n\t\t\t\t\t\t\t<div class=\"elementor-toggle-item\">\n\t\t\t\t\t<div id=\"elementor-tab-title-2142\" class=\"elementor-tab-title\" data-tab=\"2\" role=\"button\" aria-controls=\"elementor-tab-content-2142\" aria-expanded=\"false\">\n\t\t\t\t\t\t\t\t\t\t\t\t<span class=\"elementor-toggle-icon elementor-toggle-icon-right\" aria-hidden=\"true\">\n\t\t\t\t\t\t\t\t\t\t\t\t\t\t\t<span class=\"elementor-toggle-icon-closed\"><i class=\"fas fa-plus\"><\/i><\/span>\n\t\t\t\t\t\t\t\t<span class=\"elementor-toggle-icon-opened\"><i class=\"elementor-toggle-icon-opened fas fa-minus\"><\/i><\/span>\n\t\t\t\t\t\t\t\t\t\t\t\t\t<\/span>\n\t\t\t\t\t\t\t\t\t\t\t\t<a class=\"elementor-toggle-title\" tabindex=\"0\">Wie kann ich die Farbe des Tragtasches erkennen, ohne ihn aus der Tasche zu nehmen?<\/a>\n\t\t\t\t\t<\/div>\n\n\t\t\t\t\t<div id=\"elementor-tab-content-2142\" class=\"elementor-tab-content elementor-clearfix\" data-tab=\"2\" role=\"region\" aria-labelledby=\"elementor-tab-title-2142\"><p><span class=\"_2PHJq public-DraftStyleDefault-ltr\">Jede Tragetasche hat an der Seite eine kleine farbige Lasche, die die Farbe des innenbeutels wiedergibt.<\/span><\/p>\n<\/div>\n\t\t\t\t<\/div>\n\t\t\t\t\t\t\t<div class=\"elementor-toggle-item\">\n\t\t\t\t\t<div id=\"elementor-tab-title-2143\" class=\"elementor-tab-title\" data-tab=\"3\" role=\"button\" aria-controls=\"elementor-tab-content-2143\" aria-expanded=\"false\">\n\t\t\t\t\t\t\t\t\t\t\t\t<span class=\"elementor-toggle-icon elementor-toggle-icon-right\" aria-hidden=\"true\">\n\t\t\t\t\t\t\t\t\t\t\t\t\t\t\t<span class=\"elementor-toggle-icon-closed\"><i class=\"fas fa-plus\"><\/i><\/span>\n\t\t\t\t\t\t\t\t<span class=\"elementor-toggle-icon-opened\"><i class=\"elementor-toggle-icon-opened fas fa-minus\"><\/i><\/span>\n\t\t\t\t\t\t\t\t\t\t\t\t\t<\/span>\n\t\t\t\t\t\t\t\t\t\t\t\t<a class=\"elementor-toggle-title\" tabindex=\"0\"> Ist die Tasche robust?<\/a>\n\t\t\t\t\t<\/div>\n\n\t\t\t\t\t<div id=\"elementor-tab-content-2143\" class=\"elementor-tab-content elementor-clearfix\" data-tab=\"3\" role=\"region\" aria-labelledby=\"elementor-tab-title-2143\"><p><span class=\"_2PHJq public-DraftStyleDefault-ltr\">Die H\u00fcllen von Heissluftballons bestehen aus einem reissfesten Material und sind sehr leicht.<\/span><\/p>\n<\/div>\n\t\t\t\t<\/div>\n\t\t\t\t\t\t\t<div class=\"elementor-toggle-item\">\n\t\t\t\t\t<div id=\"elementor-tab-title-2144\" class=\"elementor-tab-title\" data-tab=\"4\" role=\"button\" aria-controls=\"elementor-tab-content-2144\" aria-expanded=\"false\">\n\t\t\t\t\t\t\t\t\t\t\t\t<span class=\"elementor-toggle-icon elementor-toggle-icon-right\" aria-hidden=\"true\">\n\t\t\t\t\t\t\t\t\t\t\t\t\t\t\t<span class=\"elementor-toggle-icon-closed\"><i class=\"fas fa-plus\"><\/i><\/span>\n\t\t\t\t\t\t\t\t<span class=\"elementor-toggle-icon-opened\"><i class=\"elementor-toggle-icon-opened fas fa-minus\"><\/i><\/span>\n\t\t\t\t\t\t\t\t\t\t\t\t\t<\/span>\n\t\t\t\t\t\t\t\t\t\t\t\t<a class=\"elementor-toggle-title\" tabindex=\"0\"> Es ist nicht sehr umweltfreundlich, die Einkaufst\u00fcten aus Namibia zu importieren. Warum von so weit her holen?<\/a>\n\t\t\t\t\t<\/div>\n\n\t\t\t\t\t<div id=\"elementor-tab-content-2144\" class=\"elementor-tab-content elementor-clearfix\" data-tab=\"4\" role=\"region\" aria-labelledby=\"elementor-tab-title-2144\"><p><span class=\"_2PHJq public-DraftStyleDefault-ltr\">Wir m\u00f6chten ein touristisches Ausgleichsprojekt unterst\u00fctzen, das mit der Wiederverwendung von Material verbunden ist. Wir m\u00f6chten ein touristisches Ausgleichsprojekt unterst\u00fctzen, das mit der Wiederverwendung von Material verbunden ist. Da viele Touristen in Namibia die Heissluftballons nutzen, ist es sinnvoll, den verursachten Abfall zu verwerten und gleichzeitig die lokalen Ateliers zu unterst\u00fctzen. So k\u00f6nnen auch Menschen, die keinen direkten Nutzen vom Tourismus haben, durch Upcycling davon profitieren.<\/span><\/p>\n<\/div>\n\t\t\t\t<\/div>\n\t\t\t\t\t\t\t<div class=\"elementor-toggle-item\">\n\t\t\t\t\t<div id=\"elementor-tab-title-2145\" class=\"elementor-tab-title\" data-tab=\"5\" role=\"button\" aria-controls=\"elementor-tab-content-2145\" aria-expanded=\"false\">\n\t\t\t\t\t\t\t\t\t\t\t\t<span class=\"elementor-toggle-icon elementor-toggle-icon-right\" aria-hidden=\"true\">\n\t\t\t\t\t\t\t\t\t\t\t\t\t\t\t<span class=\"elementor-toggle-icon-closed\"><i class=\"fas fa-plus\"><\/i><\/span>\n\t\t\t\t\t\t\t\t<span class=\"elementor-toggle-icon-opened\"><i class=\"elementor-toggle-icon-opened fas fa-minus\"><\/i><\/span>\n\t\t\t\t\t\t\t\t\t\t\t\t\t<\/span>\n\t\t\t\t\t\t\t\t\t\t\t\t<a class=\"elementor-toggle-title\" tabindex=\"0\">Warum hat BagToBee Marie Poppins ver\u00e4rgert?<\/a>\n\t\t\t\t\t<\/div>\n\n\t\t\t\t\t<div id=\"elementor-tab-content-2145\" class=\"elementor-tab-content elementor-clearfix\" data-tab=\"5\" role=\"region\" aria-labelledby=\"elementor-tab-title-2145\"><p><span class=\"_2PHJq public-DraftStyleDefault-ltr\">Marie-Poppins probierte die Tasche aus und schaffte es nie, sie zu f\u00fcllen, obwohl sie dachte, dass der BagToBee mit seiner geringen Gr\u00f6sse im gefalteten Zustand zu klein w\u00e4re. Das war nicht der Fall und seitdem benutzt sie sie t\u00e4glich.<\/span><\/p>\n<\/div>\n\t\t\t\t<\/div>\n\t\t\t\t\t\t\t\t\t\t<script type=\"application\/ld+json\">{\"@context\":\"https:\\\/\\\/schema.org\",\"@type\":\"FAQPage\",\"mainEntity\":[{\"@type\":\"Question\",\"name\":\"Wie gross ist die BagToBee Tasche?\",\"acceptedAnswer\":{\"@type\":\"Answer\",\"text\":\"<p><span class=\\\"_2PHJq public-DraftStyleDefault-ltr\\\">Die BagToBee hat ein gefaltetes Format von 12 cm x 10xm und ist aufgefaltet 45cm x 45cm gross.<\\\/span><\\\/p>\\n\"}},{\"@type\":\"Question\",\"name\":\"Wie kann ich die Farbe des Tragtasches erkennen, ohne ihn aus der Tasche zu nehmen?\",\"acceptedAnswer\":{\"@type\":\"Answer\",\"text\":\"<p><span class=\\\"_2PHJq public-DraftStyleDefault-ltr\\\">Jede Tragetasche hat an der Seite eine kleine farbige Lasche, die die Farbe des innenbeutels wiedergibt.<\\\/span><\\\/p>\\n\"}},{\"@type\":\"Question\",\"name\":\"Ist die Tasche robust?\",\"acceptedAnswer\":{\"@type\":\"Answer\",\"text\":\"<p><span class=\\\"_2PHJq public-DraftStyleDefault-ltr\\\">Die H\\u00fcllen von Heissluftballons bestehen aus einem reissfesten Material und sind sehr leicht.<\\\/span><\\\/p>\\n\"}},{\"@type\":\"Question\",\"name\":\"Es ist nicht sehr umweltfreundlich, die Einkaufst\\u00fcten aus Namibia zu importieren. Warum von so weit her holen?\",\"acceptedAnswer\":{\"@type\":\"Answer\",\"text\":\"<p><span class=\\\"_2PHJq public-DraftStyleDefault-ltr\\\">Wir m\\u00f6chten ein touristisches Ausgleichsprojekt unterst\\u00fctzen, das mit der Wiederverwendung von Material verbunden ist. Wir m\\u00f6chten ein touristisches Ausgleichsprojekt unterst\\u00fctzen, das mit der Wiederverwendung von Material verbunden ist. Da viele Touristen in Namibia die Heissluftballons nutzen, ist es sinnvoll, den verursachten Abfall zu verwerten und gleichzeitig die lokalen Ateliers zu unterst\\u00fctzen. So k\\u00f6nnen auch Menschen, die keinen direkten Nutzen vom Tourismus haben, durch Upcycling davon profitieren.<\\\/span><\\\/p>\\n\"}},{\"@type\":\"Question\",\"name\":\"Warum hat BagToBee Marie Poppins ver\\u00e4rgert?\",\"acceptedAnswer\":{\"@type\":\"Answer\",\"text\":\"<p><span class=\\\"_2PHJq public-DraftStyleDefault-ltr\\\">Marie-Poppins probierte die Tasche aus und schaffte es nie, sie zu f\\u00fcllen, obwohl sie dachte, dass der BagToBee mit seiner geringen Gr\\u00f6sse im gefalteten Zustand zu klein w\\u00e4re. Das war nicht der Fall und seitdem benutzt sie sie t\\u00e4glich.<\\\/span><\\\/p>\\n\"}}]}<\/script>\n\t\t\t\t\t<\/div>\n\t\t\t\t\t\t<\/div>\n\t\t\t\t<\/div>\n\t\t\t\t<div class=\"elementor-element elementor-element-5be0fbb elementor-align-center elementor-widget elementor-widget-button\" data-id=\"5be0fbb\" data-element_type=\"widget\" data-e-type=\"widget\" data-widget_type=\"button.default\">\n\t\t\t\t<div class=\"elementor-widget-container\">\n\t\t\t\t\t\t\t\t\t<div class=\"elementor-button-wrapper\">\n\t\t\t\t\t<a class=\"elementor-button elementor-button-link elementor-size-sm\" href=\"https:\/\/bagtobee.ch\/boutique\/\">\n\t\t\t\t\t\t<span class=\"elementor-button-content-wrapper\">\n\t\t\t\t\t\t\t\t\t<span class=\"elementor-button-text\">Jetzt kaufen<\/span>\n\t\t\t\t\t<\/span>\n\t\t\t\t\t<\/a>\n\t\t\t\t<\/div>\n\t\t\t\t\t\t\t\t<\/div>\n\t\t\t\t<\/div>\n\t\t\t\t\t<\/div>\n\t\t<\/div>\n\t\t\t\t\t<\/div>\n\t\t<\/section>\n\t\t\t\t<\/div>\n\t\t","protected":false},"excerpt":{"rendered":"<p>FAQ Hier findest du Antworten auf die am h\u00e4ufigsten gestellten Fragen. Wenn du die Antwort auf deine Frage nicht findest, kannst du uns gerne per E-Mail kontaktieren. Wie gross ist die BagToBee Tasche? Die BagToBee hat ein gefaltetes Format von 12 cm x 10xm und ist aufgefaltet 45cm x 45cm gross. Wie kann ich die [&hellip;]<\/p>\n","protected":false},"author":1,"featured_media":0,"parent":0,"menu_order":0,"comment_status":"closed","ping_status":"closed","template":"","meta":{"footnotes":""},"class_list":["post-29686","page","type-page","status-publish","hentry"],"yoast_head":"<!-- This site is optimized with the Yoast SEO plugin v27.5 - https:\/\/yoast.com\/product\/yoast-seo-wordpress\/ -->\n<title>FAQ - BagToBee<\/title>\n<meta name=\"robots\" content=\"index, follow, max-snippet:-1, max-image-preview:large, max-video-preview:-1\" \/>\n<link rel=\"canonical\" href=\"https:\/\/bagtobee.ch\/de\/faq\/\" \/>\n<meta property=\"og:locale\" content=\"de_DE\" \/>\n<meta property=\"og:type\" content=\"article\" \/>\n<meta property=\"og:title\" content=\"FAQ - BagToBee\" \/>\n<meta property=\"og:description\" content=\"FAQ Hier findest du Antworten auf die am h\u00e4ufigsten gestellten Fragen. Wenn du die Antwort auf deine Frage nicht findest, kannst du uns gerne per E-Mail kontaktieren. Wie gross ist die BagToBee Tasche? Die BagToBee hat ein gefaltetes Format von 12 cm x 10xm und ist aufgefaltet 45cm x 45cm gross. Wie kann ich die [&hellip;]\" \/>\n<meta property=\"og:url\" content=\"https:\/\/bagtobee.ch\/de\/faq\/\" \/>\n<meta property=\"og:site_name\" content=\"BagToBee\" \/>\n<meta property=\"article:modified_time\" content=\"2022-11-20T18:59:53+00:00\" \/>\n<meta name=\"twitter:card\" content=\"summary_large_image\" \/>\n<meta name=\"twitter:label1\" content=\"Gesch\u00e4tzte Lesezeit\" \/>\n\t<meta name=\"twitter:data1\" content=\"1\u00a0Minute\" \/>\n<script type=\"application\/ld+json\" class=\"yoast-schema-graph\">{\"@context\":\"https:\\\/\\\/schema.org\",\"@graph\":[{\"@type\":\"WebPage\",\"@id\":\"https:\\\/\\\/bagtobee.ch\\\/de\\\/faq\\\/\",\"url\":\"https:\\\/\\\/bagtobee.ch\\\/de\\\/faq\\\/\",\"name\":\"FAQ - BagToBee\",\"isPartOf\":{\"@id\":\"https:\\\/\\\/bagtobee.ch\\\/de\\\/#website\"},\"datePublished\":\"2022-07-21T13:07:37+00:00\",\"dateModified\":\"2022-11-20T18:59:53+00:00\",\"breadcrumb\":{\"@id\":\"https:\\\/\\\/bagtobee.ch\\\/de\\\/faq\\\/#breadcrumb\"},\"inLanguage\":\"de\",\"potentialAction\":[{\"@type\":\"ReadAction\",\"target\":[\"https:\\\/\\\/bagtobee.ch\\\/de\\\/faq\\\/\"]}]},{\"@type\":\"BreadcrumbList\",\"@id\":\"https:\\\/\\\/bagtobee.ch\\\/de\\\/faq\\\/#breadcrumb\",\"itemListElement\":[{\"@type\":\"ListItem\",\"position\":1,\"name\":\"Accueil\",\"item\":\"https:\\\/\\\/bagtobee.ch\\\/de\\\/\"},{\"@type\":\"ListItem\",\"position\":2,\"name\":\"FAQ\"}]},{\"@type\":\"WebSite\",\"@id\":\"https:\\\/\\\/bagtobee.ch\\\/de\\\/#website\",\"url\":\"https:\\\/\\\/bagtobee.ch\\\/de\\\/\",\"name\":\"BagToBee\",\"description\":\"Le cabas recycl\u00e9 en toile de montgolfi\u00e8re\",\"publisher\":{\"@id\":\"https:\\\/\\\/bagtobee.ch\\\/de\\\/#organization\"},\"potentialAction\":[{\"@type\":\"SearchAction\",\"target\":{\"@type\":\"EntryPoint\",\"urlTemplate\":\"https:\\\/\\\/bagtobee.ch\\\/de\\\/?s={search_term_string}\"},\"query-input\":{\"@type\":\"PropertyValueSpecification\",\"valueRequired\":true,\"valueName\":\"search_term_string\"}}],\"inLanguage\":\"de\"},{\"@type\":\"Organization\",\"@id\":\"https:\\\/\\\/bagtobee.ch\\\/de\\\/#organization\",\"name\":\"BagToBee\",\"url\":\"https:\\\/\\\/bagtobee.ch\\\/de\\\/\",\"logo\":{\"@type\":\"ImageObject\",\"inLanguage\":\"de\",\"@id\":\"https:\\\/\\\/bagtobee.ch\\\/de\\\/#\\\/schema\\\/logo\\\/image\\\/\",\"url\":\"https:\\\/\\\/bagtobee.ch\\\/wp-content\\\/uploads\\\/2022\\\/07\\\/logo_BTB_01.svg\",\"contentUrl\":\"https:\\\/\\\/bagtobee.ch\\\/wp-content\\\/uploads\\\/2022\\\/07\\\/logo_BTB_01.svg\",\"width\":628,\"height\":312,\"caption\":\"BagToBee\"},\"image\":{\"@id\":\"https:\\\/\\\/bagtobee.ch\\\/de\\\/#\\\/schema\\\/logo\\\/image\\\/\"}}]}<\/script>\n<!-- \/ Yoast SEO plugin. -->","yoast_head_json":{"title":"FAQ - BagToBee","robots":{"index":"index","follow":"follow","max-snippet":"max-snippet:-1","max-image-preview":"max-image-preview:large","max-video-preview":"max-video-preview:-1"},"canonical":"https:\/\/bagtobee.ch\/de\/faq\/","og_locale":"de_DE","og_type":"article","og_title":"FAQ - BagToBee","og_description":"FAQ Hier findest du Antworten auf die am h\u00e4ufigsten gestellten Fragen. Wenn du die Antwort auf deine Frage nicht findest, kannst du uns gerne per E-Mail kontaktieren. Wie gross ist die BagToBee Tasche? Die BagToBee hat ein gefaltetes Format von 12 cm x 10xm und ist aufgefaltet 45cm x 45cm gross. Wie kann ich die [&hellip;]","og_url":"https:\/\/bagtobee.ch\/de\/faq\/","og_site_name":"BagToBee","article_modified_time":"2022-11-20T18:59:53+00:00","twitter_card":"summary_large_image","twitter_misc":{"Gesch\u00e4tzte Lesezeit":"1\u00a0Minute"},"schema":{"@context":"https:\/\/schema.org","@graph":[{"@type":"WebPage","@id":"https:\/\/bagtobee.ch\/de\/faq\/","url":"https:\/\/bagtobee.ch\/de\/faq\/","name":"FAQ - BagToBee","isPartOf":{"@id":"https:\/\/bagtobee.ch\/de\/#website"},"datePublished":"2022-07-21T13:07:37+00:00","dateModified":"2022-11-20T18:59:53+00:00","breadcrumb":{"@id":"https:\/\/bagtobee.ch\/de\/faq\/#breadcrumb"},"inLanguage":"de","potentialAction":[{"@type":"ReadAction","target":["https:\/\/bagtobee.ch\/de\/faq\/"]}]},{"@type":"BreadcrumbList","@id":"https:\/\/bagtobee.ch\/de\/faq\/#breadcrumb","itemListElement":[{"@type":"ListItem","position":1,"name":"Accueil","item":"https:\/\/bagtobee.ch\/de\/"},{"@type":"ListItem","position":2,"name":"FAQ"}]},{"@type":"WebSite","@id":"https:\/\/bagtobee.ch\/de\/#website","url":"https:\/\/bagtobee.ch\/de\/","name":"BagToBee","description":"Le cabas recycl\u00e9 en toile de montgolfi\u00e8re","publisher":{"@id":"https:\/\/bagtobee.ch\/de\/#organization"},"potentialAction":[{"@type":"SearchAction","target":{"@type":"EntryPoint","urlTemplate":"https:\/\/bagtobee.ch\/de\/?s={search_term_string}"},"query-input":{"@type":"PropertyValueSpecification","valueRequired":true,"valueName":"search_term_string"}}],"inLanguage":"de"},{"@type":"Organization","@id":"https:\/\/bagtobee.ch\/de\/#organization","name":"BagToBee","url":"https:\/\/bagtobee.ch\/de\/","logo":{"@type":"ImageObject","inLanguage":"de","@id":"https:\/\/bagtobee.ch\/de\/#\/schema\/logo\/image\/","url":"https:\/\/bagtobee.ch\/wp-content\/uploads\/2022\/07\/logo_BTB_01.svg","contentUrl":"https:\/\/bagtobee.ch\/wp-content\/uploads\/2022\/07\/logo_BTB_01.svg","width":628,"height":312,"caption":"BagToBee"},"image":{"@id":"https:\/\/bagtobee.ch\/de\/#\/schema\/logo\/image\/"}}]}},"_links":{"self":[{"href":"https:\/\/bagtobee.ch\/de\/wp-json\/wp\/v2\/pages\/29686","targetHints":{"allow":["GET"]}}],"collection":[{"href":"https:\/\/bagtobee.ch\/de\/wp-json\/wp\/v2\/pages"}],"about":[{"href":"https:\/\/bagtobee.ch\/de\/wp-json\/wp\/v2\/types\/page"}],"author":[{"embeddable":true,"href":"https:\/\/bagtobee.ch\/de\/wp-json\/wp\/v2\/users\/1"}],"replies":[{"embeddable":true,"href":"https:\/\/bagtobee.ch\/de\/wp-json\/wp\/v2\/comments?post=29686"}],"version-history":[{"count":6,"href":"https:\/\/bagtobee.ch\/de\/wp-json\/wp\/v2\/pages\/29686\/revisions"}],"predecessor-version":[{"id":29941,"href":"https:\/\/bagtobee.ch\/de\/wp-json\/wp\/v2\/pages\/29686\/revisions\/29941"}],"wp:attachment":[{"href":"https:\/\/bagtobee.ch\/de\/wp-json\/wp\/v2\/media?parent=29686"}],"curies":[{"name":"wp","href":"https:\/\/api.w.org\/{rel}","templated":true}]}}