{"id":30418,"date":"2024-06-20T14:28:43","date_gmt":"2024-06-20T12:28:43","guid":{"rendered":"https:\/\/bagtobee.ch\/produit\/leo-turquoise\/"},"modified":"2024-06-20T14:28:43","modified_gmt":"2024-06-20T12:28:43","slug":"leo-turquoise","status":"publish","type":"product","link":"https:\/\/bagtobee.ch\/de\/produit\/leo-turquoise\/","title":{"rendered":"L\u00e9o-turquoise"},"content":{"rendered":"<p class=\"p1\">Die Tragtasche aus Heissluftballonstoff Deine zuk\u00fcnftige Tasche ist \u00fcber die Sossusvlei-W\u00fcste in Namibia geflogen. Sie hatte bereits ein anderes Leben. Ohne dich. Aber von nun an freut sie sich darauf, dich zu begleiten, wenn du bei lokalen Produzenten auf der Suche nach regionalen Produkten bist. Auf was wartest du? Lass uns auf gemeinsame Abenteuer gehen.<\/p>\n","protected":false},"excerpt":{"rendered":"<p class=\"p1\">Die Tragtasche aus Heissluftballonstoff Deine zuk\u00fcnftige Tasche ist \u00fcber die Sossusvlei-W\u00fcste in Namibia geflogen. Sie hatte bereits ein anderes Leben. Ohne dich. Aber von nun an freut sie sich darauf, dich zu begleiten, wenn du bei lokalen Produzenten auf der Suche nach regionalen Produkten bist. Auf was wartest du? Lass uns auf gemeinsame Abenteuer gehen.<\/p>\n","protected":false},"featured_media":30417,"template":"","meta":[],"product_brand":[],"product_cat":[45],"product_tag":[],"class_list":{"0":"post-30418","1":"product","2":"type-product","3":"status-publish","4":"has-post-thumbnail","6":"product_cat-unkategorisiert","7":"pa_couleur-du-cabas-tuerkis","9":"first","10":"instock","11":"taxable","12":"shipping-taxable","13":"purchasable","14":"product-type-simple"},"yoast_head":"<!-- This site is optimized with the Yoast SEO plugin v26.5 - https:\/\/yoast.com\/wordpress\/plugins\/seo\/ -->\n<title>L\u00e9o-turquoise - BagToBee<\/title>\n<meta name=\"robots\" content=\"index, follow, max-snippet:-1, max-image-preview:large, max-video-preview:-1\" \/>\n<link rel=\"canonical\" href=\"https:\/\/bagtobee.ch\/de\/produit\/leo-turquoise\/\" \/>\n<meta property=\"og:locale\" content=\"de_DE\" \/>\n<meta property=\"og:type\" content=\"article\" \/>\n<meta property=\"og:title\" content=\"L\u00e9o-turquoise - BagToBee\" \/>\n<meta property=\"og:description\" content=\"Die Tragtasche aus Heissluftballonstoff Deine zuk\u00fcnftige Tasche ist \u00fcber die Sossusvlei-W\u00fcste in Namibia geflogen. Sie hatte bereits ein anderes Leben. Ohne dich. Aber von nun an freut sie sich darauf, dich zu begleiten, wenn du bei lokalen Produzenten auf der Suche nach regionalen Produkten bist. Auf was wartest du? Lass uns auf gemeinsame Abenteuer gehen.\" \/>\n<meta property=\"og:url\" content=\"https:\/\/bagtobee.ch\/de\/produit\/leo-turquoise\/\" \/>\n<meta property=\"og:site_name\" content=\"BagToBee\" \/>\n<meta property=\"og:image\" content=\"https:\/\/bagtobee.ch\/wp-content\/uploads\/2024\/06\/leo-turquoise.png\" \/>\n\t<meta property=\"og:image:width\" content=\"1270\" \/>\n\t<meta property=\"og:image:height\" content=\"1270\" \/>\n\t<meta property=\"og:image:type\" content=\"image\/png\" \/>\n<meta name=\"twitter:card\" content=\"summary_large_image\" \/>\n<script type=\"application\/ld+json\" class=\"yoast-schema-graph\">{\"@context\":\"https:\/\/schema.org\",\"@graph\":[{\"@type\":\"WebPage\",\"@id\":\"https:\/\/bagtobee.ch\/de\/produit\/leo-turquoise\/\",\"url\":\"https:\/\/bagtobee.ch\/de\/produit\/leo-turquoise\/\",\"name\":\"L\u00e9o-turquoise - BagToBee\",\"isPartOf\":{\"@id\":\"https:\/\/bagtobee.ch\/de\/#website\"},\"primaryImageOfPage\":{\"@id\":\"https:\/\/bagtobee.ch\/de\/produit\/leo-turquoise\/#primaryimage\"},\"image\":{\"@id\":\"https:\/\/bagtobee.ch\/de\/produit\/leo-turquoise\/#primaryimage\"},\"thumbnailUrl\":\"https:\/\/bagtobee.ch\/wp-content\/uploads\/2024\/06\/leo-turquoise.png\",\"datePublished\":\"2024-06-20T12:28:43+00:00\",\"breadcrumb\":{\"@id\":\"https:\/\/bagtobee.ch\/de\/produit\/leo-turquoise\/#breadcrumb\"},\"inLanguage\":\"de\",\"potentialAction\":[{\"@type\":\"ReadAction\",\"target\":[\"https:\/\/bagtobee.ch\/de\/produit\/leo-turquoise\/\"]}]},{\"@type\":\"ImageObject\",\"inLanguage\":\"de\",\"@id\":\"https:\/\/bagtobee.ch\/de\/produit\/leo-turquoise\/#primaryimage\",\"url\":\"https:\/\/bagtobee.ch\/wp-content\/uploads\/2024\/06\/leo-turquoise.png\",\"contentUrl\":\"https:\/\/bagtobee.ch\/wp-content\/uploads\/2024\/06\/leo-turquoise.png\",\"width\":1270,\"height\":1270},{\"@type\":\"BreadcrumbList\",\"@id\":\"https:\/\/bagtobee.ch\/de\/produit\/leo-turquoise\/#breadcrumb\",\"itemListElement\":[{\"@type\":\"ListItem\",\"position\":1,\"name\":\"Accueil\",\"item\":\"https:\/\/bagtobee.ch\/de\/\"},{\"@type\":\"ListItem\",\"position\":2,\"name\":\"Shop\",\"item\":\"https:\/\/bagtobee.ch\/de\/shop\/\"},{\"@type\":\"ListItem\",\"position\":3,\"name\":\"L\u00e9o-turquoise\"}]},{\"@type\":\"WebSite\",\"@id\":\"https:\/\/bagtobee.ch\/de\/#website\",\"url\":\"https:\/\/bagtobee.ch\/de\/\",\"name\":\"BagToBee\",\"description\":\"Le cabas recycl\u00e9 en toile de montgolfi\u00e8re\",\"publisher\":{\"@id\":\"https:\/\/bagtobee.ch\/de\/#organization\"},\"potentialAction\":[{\"@type\":\"SearchAction\",\"target\":{\"@type\":\"EntryPoint\",\"urlTemplate\":\"https:\/\/bagtobee.ch\/de\/?s={search_term_string}\"},\"query-input\":{\"@type\":\"PropertyValueSpecification\",\"valueRequired\":true,\"valueName\":\"search_term_string\"}}],\"inLanguage\":\"de\"},{\"@type\":\"Organization\",\"@id\":\"https:\/\/bagtobee.ch\/de\/#organization\",\"name\":\"BagToBee\",\"url\":\"https:\/\/bagtobee.ch\/de\/\",\"logo\":{\"@type\":\"ImageObject\",\"inLanguage\":\"de\",\"@id\":\"https:\/\/bagtobee.ch\/de\/#\/schema\/logo\/image\/\",\"url\":\"https:\/\/bagtobee.ch\/wp-content\/uploads\/2022\/07\/logo_BTB_01.svg\",\"contentUrl\":\"https:\/\/bagtobee.ch\/wp-content\/uploads\/2022\/07\/logo_BTB_01.svg\",\"width\":628,\"height\":312,\"caption\":\"BagToBee\"},\"image\":{\"@id\":\"https:\/\/bagtobee.ch\/de\/#\/schema\/logo\/image\/\"}}]}<\/script>\n<!-- \/ Yoast SEO plugin. -->","yoast_head_json":{"title":"L\u00e9o-turquoise - BagToBee","robots":{"index":"index","follow":"follow","max-snippet":"max-snippet:-1","max-image-preview":"max-image-preview:large","max-video-preview":"max-video-preview:-1"},"canonical":"https:\/\/bagtobee.ch\/de\/produit\/leo-turquoise\/","og_locale":"de_DE","og_type":"article","og_title":"L\u00e9o-turquoise - BagToBee","og_description":"Die Tragtasche aus Heissluftballonstoff Deine zuk\u00fcnftige Tasche ist \u00fcber die Sossusvlei-W\u00fcste in Namibia geflogen. Sie hatte bereits ein anderes Leben. Ohne dich. Aber von nun an freut sie sich darauf, dich zu begleiten, wenn du bei lokalen Produzenten auf der Suche nach regionalen Produkten bist. Auf was wartest du? Lass uns auf gemeinsame Abenteuer gehen.","og_url":"https:\/\/bagtobee.ch\/de\/produit\/leo-turquoise\/","og_site_name":"BagToBee","og_image":[{"width":1270,"height":1270,"url":"https:\/\/bagtobee.ch\/wp-content\/uploads\/2024\/06\/leo-turquoise.png","type":"image\/png"}],"twitter_card":"summary_large_image","schema":{"@context":"https:\/\/schema.org","@graph":[{"@type":"WebPage","@id":"https:\/\/bagtobee.ch\/de\/produit\/leo-turquoise\/","url":"https:\/\/bagtobee.ch\/de\/produit\/leo-turquoise\/","name":"L\u00e9o-turquoise - BagToBee","isPartOf":{"@id":"https:\/\/bagtobee.ch\/de\/#website"},"primaryImageOfPage":{"@id":"https:\/\/bagtobee.ch\/de\/produit\/leo-turquoise\/#primaryimage"},"image":{"@id":"https:\/\/bagtobee.ch\/de\/produit\/leo-turquoise\/#primaryimage"},"thumbnailUrl":"https:\/\/bagtobee.ch\/wp-content\/uploads\/2024\/06\/leo-turquoise.png","datePublished":"2024-06-20T12:28:43+00:00","breadcrumb":{"@id":"https:\/\/bagtobee.ch\/de\/produit\/leo-turquoise\/#breadcrumb"},"inLanguage":"de","potentialAction":[{"@type":"ReadAction","target":["https:\/\/bagtobee.ch\/de\/produit\/leo-turquoise\/"]}]},{"@type":"ImageObject","inLanguage":"de","@id":"https:\/\/bagtobee.ch\/de\/produit\/leo-turquoise\/#primaryimage","url":"https:\/\/bagtobee.ch\/wp-content\/uploads\/2024\/06\/leo-turquoise.png","contentUrl":"https:\/\/bagtobee.ch\/wp-content\/uploads\/2024\/06\/leo-turquoise.png","width":1270,"height":1270},{"@type":"BreadcrumbList","@id":"https:\/\/bagtobee.ch\/de\/produit\/leo-turquoise\/#breadcrumb","itemListElement":[{"@type":"ListItem","position":1,"name":"Accueil","item":"https:\/\/bagtobee.ch\/de\/"},{"@type":"ListItem","position":2,"name":"Shop","item":"https:\/\/bagtobee.ch\/de\/shop\/"},{"@type":"ListItem","position":3,"name":"L\u00e9o-turquoise"}]},{"@type":"WebSite","@id":"https:\/\/bagtobee.ch\/de\/#website","url":"https:\/\/bagtobee.ch\/de\/","name":"BagToBee","description":"Le cabas recycl\u00e9 en toile de montgolfi\u00e8re","publisher":{"@id":"https:\/\/bagtobee.ch\/de\/#organization"},"potentialAction":[{"@type":"SearchAction","target":{"@type":"EntryPoint","urlTemplate":"https:\/\/bagtobee.ch\/de\/?s={search_term_string}"},"query-input":{"@type":"PropertyValueSpecification","valueRequired":true,"valueName":"search_term_string"}}],"inLanguage":"de"},{"@type":"Organization","@id":"https:\/\/bagtobee.ch\/de\/#organization","name":"BagToBee","url":"https:\/\/bagtobee.ch\/de\/","logo":{"@type":"ImageObject","inLanguage":"de","@id":"https:\/\/bagtobee.ch\/de\/#\/schema\/logo\/image\/","url":"https:\/\/bagtobee.ch\/wp-content\/uploads\/2022\/07\/logo_BTB_01.svg","contentUrl":"https:\/\/bagtobee.ch\/wp-content\/uploads\/2022\/07\/logo_BTB_01.svg","width":628,"height":312,"caption":"BagToBee"},"image":{"@id":"https:\/\/bagtobee.ch\/de\/#\/schema\/logo\/image\/"}}]}},"_links":{"self":[{"href":"https:\/\/bagtobee.ch\/de\/wp-json\/wp\/v2\/product\/30418","targetHints":{"allow":["GET"]}}],"collection":[{"href":"https:\/\/bagtobee.ch\/de\/wp-json\/wp\/v2\/product"}],"about":[{"href":"https:\/\/bagtobee.ch\/de\/wp-json\/wp\/v2\/types\/product"}],"wp:featuredmedia":[{"embeddable":true,"href":"https:\/\/bagtobee.ch\/de\/wp-json\/wp\/v2\/media\/30417"}],"wp:attachment":[{"href":"https:\/\/bagtobee.ch\/de\/wp-json\/wp\/v2\/media?parent=30418"}],"wp:term":[{"taxonomy":"product_brand","embeddable":true,"href":"https:\/\/bagtobee.ch\/de\/wp-json\/wp\/v2\/product_brand?post=30418"},{"taxonomy":"product_cat","embeddable":true,"href":"https:\/\/bagtobee.ch\/de\/wp-json\/wp\/v2\/product_cat?post=30418"},{"taxonomy":"product_tag","embeddable":true,"href":"https:\/\/bagtobee.ch\/de\/wp-json\/wp\/v2\/product_tag?post=30418"}],"curies":[{"name":"wp","href":"https:\/\/api.w.org\/{rel}","templated":true}]}}